{"id":1389,"date":"2025-10-07T04:24:13","date_gmt":"2025-10-07T09:24:13","guid":{"rendered":"https:\/\/grupotdm.com\/asfaltos\/?page_id=1389"},"modified":"2025-11-22T20:09:13","modified_gmt":"2025-11-23T01:09:13","slug":"politicas-de-privacidad","status":"publish","type":"page","link":"https:\/\/grupotdm.com\/asfaltos\/politicas-de-privacidad\/","title":{"rendered":"Pol\u00edticas de privacidad"},"content":{"rendered":"\n<p><strong>POL\u00cdTICA SOBRE PROTECCI\u00d3N DE DATOS PERSONALES<\/strong><\/p>\n\n\n\n<ol class=\"wp-block-list\">\n<li><strong>DESCRIPCI\u00d3N<\/strong><\/li>\n<\/ol>\n\n\n\n<p>En<strong> GRUPO TDM <\/strong>somos conscientes de la importancia que tiene la privacidad sobre la informaci\u00f3n personal de todos nuestros colaboradores, as\u00ed como de nuestros clientes, proveedores y dem\u00e1s titulares de datos personales, en adelante \u201cUsuarios\u201d; por ello, tenemos el compromiso de respetar la privacidad de los datos personales compartidos con nuestra organizaci\u00f3n, protegiendo la confidencialidad de los mismos.&nbsp;<\/p>\n\n\n\n<p>En ese sentido, el objetivo de esta pol\u00edtica de privacidad es dar a conocer<strong> <\/strong>la forma en que se recogen, gestionan y protegen los datos personales compartidos mediante el llenado de formatos o informaci\u00f3n solicitada v\u00eda intranet.<\/p>\n\n\n\n<p>En<strong> GRUPO TDM<\/strong> venimos desarrollando una labor de concientizaci\u00f3n interna, con el expreso objetivo de realizar un uso adecuado de los datos personales. Para ello, venimos tambi\u00e9n adoptando buenas pr\u00e1cticas en el tratamiento de la informaci\u00f3n de Usuarios.<\/p>\n\n\n\n<p>Cabe se\u00f1alar que la informaci\u00f3n personal privada no incluye informaci\u00f3n que est\u00e1 disponible a trav\u00e9s de fuentes accesibles al p\u00fablico.<\/p>\n\n\n\n<p>Asimismo, la implementaci\u00f3n y el uso de los bancos de datos personales se realizan con el prop\u00f3sito mantener actualizada la informaci\u00f3n personal de los Usuarios, para as\u00ed brindar el seguimiento y atenci\u00f3n adecuado en caso de requerirse su recuperaci\u00f3n.<\/p>\n\n\n\n<ol start=\"2\" class=\"wp-block-list\">\n<li><strong>DEFINICIONES<\/strong><\/li>\n<\/ol>\n\n\n\n<ol class=\"wp-block-list\">\n<li>Datos personales: De acuerdo con la Ley N\u00b0 29733 \u2013 Ley de Protecci\u00f3n de Datos Personales y su Reglamento, aprobado por el Decreto Supremo N\u00b0 016-2024-JUS, se entiende por datos personales toda informaci\u00f3n num\u00e9rica, alfab\u00e9tica, gr\u00e1fica, fotogr\u00e1fica, ac\u00fastica, sobre h\u00e1bitos personales, o de cualquier otro tipo concerniente a una persona natural que la identifica o la hace identificable a trav\u00e9s de medios que pueden ser razonablemente utilizados.<\/li>\n\n\n\n<li>Banco de datos personales: Es el conjunto organizado de datos personales, automatizado o no, cualquiera que fuere la forma o modalidad de su creaci\u00f3n, formaci\u00f3n, almacenamiento, organizaci\u00f3n y acceso.<\/li>\n\n\n\n<li>Datos sensibles:<strong>\u00a0<\/strong>Es aquella informaci\u00f3n relativa a datos gen\u00e9ticos o biom\u00e9tricos del usuario, datos neuronales, datos morales o emocionales, hechos o circunstancias de su vida afectiva o familiar, los h\u00e1bitos personales que corresponden a la esfera m\u00e1s \u00edntima, la informaci\u00f3n relativa a la afiliaci\u00f3n sindical, salud f\u00edsica o mental u otras an\u00e1logas que afecten su intimidad.<\/li>\n\n\n\n<li>Tratamiento de datos personales: Se entiende por Tratamiento de Datos Personales a cualquier operaci\u00f3n o procedimiento t\u00e9cnico, automatizado o no, que permite la recopilaci\u00f3n, registro, organizaci\u00f3n, almacenamiento, conservaci\u00f3n, elaboraci\u00f3n, modificaci\u00f3n, extracci\u00f3n, consulta, utilizaci\u00f3n, bloqueo, supresi\u00f3n, comunicaci\u00f3n por transferencia o por difusi\u00f3n o cualquier otra forma de procesamiento que facilite el acceso, correlaci\u00f3n o interconexi\u00f3n de los datos personales.<\/li>\n\n\n\n<li>Usuario: Son nuestros colaboradores, clientes, proveedores y dem\u00e1s titulares de datos personales, quienes comparten su informaci\u00f3n con la organizaci\u00f3n.\u00a0<\/li>\n<\/ol>\n\n\n\n<ol start=\"3\" class=\"wp-block-list\">\n<li><strong>\u00c1MBITO DE APLICACI\u00d3N:\u00a0<\/strong><\/li>\n<\/ol>\n\n\n\n<p>La pol\u00edtica sobre protecci\u00f3n de datos personales de <strong>GRUPO TDM<\/strong> es aplicable a todos nuestros Usuarios.&nbsp;<\/p>\n\n\n\n<p>Los tipos de datos personales recabados podr\u00e1n ser los siguientes:&nbsp;<\/p>\n\n\n\n<ol class=\"wp-block-list\">\n<li>Datos personales de colaboradores: Datos de identificaci\u00f3n, datos laborales, datos financieros, datos familiares, datos de salud (informaci\u00f3n sensible).\u00a0<\/li>\n\n\n\n<li>Datos comerciales: Nombres y datos de contacto de personas relacionadas a clientes y proveedores de <strong>GRUPO TDM<\/strong>.<\/li>\n\n\n\n<li>Otros datos personales de otros Usuarios.\u00a0<\/li>\n<\/ol>\n\n\n\n<ol start=\"4\" class=\"wp-block-list\">\n<li><strong>FINES DEL TRATAMIENTO DE DATOS PERSONALES:\u00a0<\/strong><\/li>\n<\/ol>\n\n\n\n<p>En el <strong>Grupo TDM<\/strong> se realiza el tratamiento de datos personales por las siguientes razones:<\/p>\n\n\n\n<ol class=\"wp-block-list\">\n<li>Respecto a los colaboradores: Gesti\u00f3n de relaci\u00f3n laboral, cumplimiento de obligaciones legales, contactos de emergencia y fines estad\u00edsticos.<\/li>\n\n\n\n<li>Respecto a clientes y\/o proveedores: Gesti\u00f3n de la relaci\u00f3n comercial, tambi\u00e9n para fines estad\u00edsticos.<\/li>\n\n\n\n<li>Respecto de otros Usuarios: Gestiones diversas, tambi\u00e9n para fines estad\u00edsticos.\u00a0<\/li>\n<\/ol>\n\n\n\n<p>En ese sentido,<strong> GRUPO TDM<\/strong> realiza el tratamiento de datos personales de sus Usuarios con los que mantiene alguna relaci\u00f3n jur\u00eddica o comercial, o para cumplir ya sea con la legislaci\u00f3n vigente, u otra que sea l\u00edcita y debidamente informada al titular de datos personales.<\/p>\n\n\n\n<p>Teniendo en cuenta lo anterior, <strong>GRUPO TDM<\/strong> maneja bancos de datos personales tanto de colaboradores como de proveedores y clientes, los cuales se encuentran inscritos en el Registro Nacional de Protecci\u00f3n de Datos Personales.&nbsp;<\/p>\n\n\n\n<p>Asimismo, los datos personales que faciliten nuestros Usuarios podr\u00e1n ser conocidos y manejados por el personal del <strong>GRUPO TDM<\/strong>, en caso necesiten conocer dicha informaci\u00f3n. Estos datos personales ser\u00e1n tratados de forma leal, l\u00edcita, y no ser\u00e1n utilizados para finalidades incompatibles con las especificadas.<\/p>\n\n\n\n<ol start=\"5\" class=\"wp-block-list\">\n<li><strong>PRINCIPIOS:<\/strong><\/li>\n<\/ol>\n\n\n\n<p><strong>GRUPO TDM<\/strong> desarrolla su pol\u00edtica de tratamiento de datos personales en atenci\u00f3n a los principios rectores establecidos en la Ley N\u00ba 29733 &#8211; Ley de Protecci\u00f3n de Datos Personales y su Reglamento, conforme al siguiente detalle:&nbsp;<\/p>\n\n\n\n<ol class=\"wp-block-list\">\n<li>De acuerdo al principio de \u201c<em>Legalidad\u201d<\/em>, rechaza la recopilaci\u00f3n de los datos personales de nuestros Usuarios por medios fraudulentos, desleales o il\u00edcitos.<\/li>\n\n\n\n<li>Conforme al principio de \u201c<em>Consentimiento\u201d<\/em> en el tratamiento de los datos personales de nuestros Usuarios, se solicitar\u00e1 su consentimiento.<\/li>\n\n\n\n<li>Los datos personales de nuestros Usuarios se recopilar\u00e1n para una finalidad determinada, expl\u00edcita y l\u00edcita, y no se extender\u00e1 a otra finalidad que no haya sido la establecida de manera inequ\u00edvoca como tal al momento de su recopilaci\u00f3n, excluyendo los casos de actividades de valor hist\u00f3rico, estad\u00edstico o cient\u00edfico cuando se utilice un procedimiento de disociaci\u00f3n o anonimizaci\u00f3n.<\/li>\n\n\n\n<li>Todo tratamiento de datos personales de nuestros Usuarios ser\u00e1 adecuado, relevante y no excesivo a la finalidad para la que estos hubiesen sido recopilados.<\/li>\n\n\n\n<li>Los datos personales que vayan a ser tratados ser\u00e1n veraces, exactos y, en la medida de lo posible, actualizados, necesarios, pertinentes y adecuados respecto de la finalidad para la que fueron recopilados. Se conservar\u00e1n de forma tal que se garantice su seguridad y solo por el tiempo necesario para cumplir con la finalidad del tratamiento.<\/li>\n\n\n\n<li><strong>GRUPO TDM <\/strong>y, en su caso, los encargados de tratamiento, adoptan las medidas t\u00e9cnicas, organizativas y legales necesarias para garantizar la seguridad y confidencialidad de los datos personales. <strong>GRUPO TDM<\/strong> cuenta con las medidas de seguridad apropiadas y acordes con el tratamiento que se vaya a efectuar y con la categor\u00eda de datos personales de que se trate.<\/li>\n\n\n\n<li><strong>GRUPO TDM<\/strong> informa a sus<strong> <\/strong>Usuarios que pueden ejercer sus derechos constitucionales a la protecci\u00f3n de datos personales en sede administrativa ante la Autoridad Nacional de Protecci\u00f3n de Datos y en sede jurisdiccional ante el Poder Judicial a los efectos del inicio del correspondiente proceso de Habeas Data.<\/li>\n\n\n\n<li><strong>GRUPO TDM<\/strong> garantiza el nivel adecuado de protecci\u00f3n de los datos personales de sus Usuarios para el flujo transfronterizo de datos personales, con un m\u00ednimo de protecci\u00f3n equiparable a lo previsto por la Ley N\u00ba 29733 o por los est\u00e1ndares internacionales de la materia.<\/li>\n<\/ol>\n\n\n\n<ol start=\"6\" class=\"wp-block-list\">\n<li><strong>CALIDAD DE LOS DATOS PERSONALES<\/strong><\/li>\n<\/ol>\n\n\n\n<p>Los datos personales a los que <strong>GRUPO TDM<\/strong> tendr\u00e1 acceso, ser\u00e1n aquellos que el Usuario facilite voluntariamente, rellenando los formularios puestos a tal efecto.<\/p>\n\n\n\n<p><strong>GRUPO TDM<\/strong> proporciona los recursos t\u00e9cnicos adecuados para que los titulares de datos personales tomen conocimiento de la presente Pol\u00edtica de Privacidad y de cualquier otra informaci\u00f3n que pueda ser relevante; constituyendo el ingreso de Datos Personales o informaci\u00f3n confidencial en el sistema, la manifestaci\u00f3n expresa de su consentimiento a la presente Pol\u00edtica de Privacidad.<\/p>\n\n\n\n<p>Los datos personales facilitados por los Usuarios, tienen que ser exactos y correctos, de forma que respondan con veracidad a su situaci\u00f3n actual. En caso contrario, estos datos ser\u00e1n cancelados.<\/p>\n\n\n\n<p>Los datos personales facilitados por los Usuarios son recopilados para el cumplimiento de las finalidades expuestas en este documento y no se usar\u00e1n para otras finalidades incompatibles con las especificadas.<\/p>\n\n\n\n<p>Los datos personales ser\u00e1n cancelados cuando hayan dejado de ser necesarios para las finalidades para las cuales han sido recopilados. Sin embargo, se conservar\u00e1n durante el tiempo en que pueda exigirse alg\u00fan tipo de responsabilidad a <strong>GRUPO TDM<\/strong> derivada de esta relaci\u00f3n con los Usuarios.<\/p>\n\n\n\n<ol start=\"7\" class=\"wp-block-list\">\n<li><strong>TRANSFERENCIA Y COMUNICACI\u00d3N DE DATOS PERSONALES<\/strong><\/li>\n<\/ol>\n\n\n\n<p><strong>GRUPO TDM<\/strong> respeta la privacidad de sus Usuarios, por lo que no compartir\u00e1 su informaci\u00f3n con terceros, si el usuario no desea expresamente que lo hagamos.<\/p>\n\n\n\n<p>Informamos a los Usuarios que los datos personales que nos faciliten, no ser\u00e1n comunicados a ning\u00fan tercero, salvo los expresamente consentidos por ellos. Asimismo, se informa a los Usuarios, que sus datos personales podr\u00e1n ser comunicados a las entidades administrativas, autoridades judiciales y\/o policiales, siempre y cuando est\u00e9 establecido por Ley.<\/p>\n\n\n\n<p>Asimismo, informamos a los Usuarios que los datos personales brindados podr\u00e1n ser transferidos internacionalmente a las filiales de <strong>GRUPO TDM<\/strong>. Esta transferencia se dar\u00eda a pa\u00edses con un nivel de protecci\u00f3n de datos personales adecuado. De esta forma se busca consolidar los datos de la organizaci\u00f3n.&nbsp;<\/p>\n\n\n\n<p>Cabe se\u00f1alar que en los contratos nacionales e internacionales se incluir\u00e1 una cl\u00e1usula de protecci\u00f3n de datos personales.&nbsp;<\/p>\n\n\n\n<ol start=\"8\" class=\"wp-block-list\">\n<li><strong>CONFIDENCIALIDAD DE LOS DATOS PERSONALES<\/strong><\/li>\n<\/ol>\n\n\n\n<p>Los datos personales facilitados por los Usuarios ser\u00e1n tratados con total confidencialidad. <strong>GRUPO TDM<\/strong> se compromete a guardar secreto profesional indefinidamente, respecto de los mismos y en cumplimiento de su deber, los guardar\u00e1 y firmar\u00e1 acuerdos de confidencialidad con aquellos que puedan tener acceso, entre otras medidas de seguridad necesarias.<\/p>\n\n\n\n<ol start=\"9\" class=\"wp-block-list\">\n<li><strong>SEGURIDAD DE LOS DATOS PERSONALES<\/strong><\/li>\n<\/ol>\n\n\n\n<p>En cumplimiento de la normativa vigente, <strong>GRUPO TDM<\/strong> ha adoptado las medidas t\u00e9cnicas de seguridad y confidencialidad apropiadas a la categor\u00eda de los datos personales, necesarias para mantener el nivel de seguridad requerido con el objetivo de evitar la alteraci\u00f3n, p\u00e9rdida o el tratamiento o accesos no autorizados, que puedan afectar a la integridad, confidencialidad y disponibilidad de la informaci\u00f3n.<\/p>\n\n\n\n<p><strong>GRUPO TDM<\/strong> tiene implementadas todas las medidas de \u00edndole t\u00e9cnica y organizativa necesarias para dotar de seguridad de los datos personales, y evitar su alteraci\u00f3n, p\u00e9rdida y tratamiento y\/o acceso no autorizado, teniendo en cuenta el estado de la tecnolog\u00eda, la naturaleza de los datos almacenados y los riesgos a que est\u00e1n expuestos, ya sea que provengan de la acci\u00f3n humana, del medio f\u00edsico o natural, tal y como establece la legislaci\u00f3n peruana vigente de protecci\u00f3n de datos personales.<\/p>\n\n\n\n<p>La empresa tambi\u00e9n tiene implementadas medidas de seguridad adicionales, para reforzar la confidencialidad e integridad de la informaci\u00f3n, y continuamente mantiene la supervisi\u00f3n, control y evaluaci\u00f3n de los procesos para asegurar la privacidad de los datos personales.<\/p>\n\n\n\n<p>El personal que maneja los datos personales de los Usuarios es constantemente capacitado. De igual forma, contamos con protocolos para la detecci\u00f3n, gesti\u00f3n y notificaci\u00f3n de brechas de seguridad.&nbsp;<\/p>\n\n\n\n<p><strong>GRUPO TDM<\/strong> cuenta con procedimientos de respaldo y protecci\u00f3n de datos, adem\u00e1s de que realiza evaluaciones peri\u00f3dicas de vulnerabilidad de nuestro sistema de seguridad.&nbsp;<\/p>\n\n\n\n<p>Sin embargo, la transmisi\u00f3n de informaci\u00f3n mediante las redes de comunicaci\u00f3n y de Internet no es totalmente segura; por eso, y a pesar de que <strong>GRUPO TDM<\/strong> realizar\u00e1 sus mejores esfuerzos para proteger los datos personales, no puede garantizar la seguridad de los mismos durante el tr\u00e1nsito hasta el sitio Web. En tal sentido, toda la informaci\u00f3n que los Usuarios proporcionen, se enviar\u00e1 por su cuenta y riesgo.<\/p>\n\n\n\n<p>Es por ello que <strong>GRUPO TDM<\/strong> recomienda la m\u00e1xima diligencia a sus Usuarios cuando trasladen a terceros o publiquen informaci\u00f3n personal para evitar poner en riesgo sus datos personales, eludiendo <strong>GRUPO TDM<\/strong> toda responsabilidad en caso de sustracciones, modificaciones o p\u00e9rdidas de datos il\u00edcitas.<\/p>\n\n\n\n<ol start=\"10\" class=\"wp-block-list\">\n<li><strong>EJERCICIO DE DERECHOS<\/strong><\/li>\n<\/ol>\n\n\n\n<p>Los Usuarios que hayan facilitado sus datos personales a <strong>GRUPO TDM<\/strong> pueden dirigirse a este con el fin de poder ejercer sus derechos de informaci\u00f3n, acceso, rectificaci\u00f3n, cancelaci\u00f3n, oposici\u00f3n y portabilidad del suministro de sus datos personales, conforme a los t\u00e9rminos recogidos en la legislaci\u00f3n peruana vigente.&nbsp;<\/p>\n\n\n\n<p>Para poder ejercer estos derechos, los Usuarios pueden dirigirse, por cualquier medio que permita acreditar el env\u00edo y la recepci\u00f3n de la solicitud a la direcci\u00f3n domicilio principal de <strong>GRUPO TDM<\/strong> ubicado en Alameda Los Horizontes Nro. 905, Urb. Huertos de Villa, distrito de Chorrillos, Lima, y\/o al correo electr\u00f3nico: protecciondedatos@grupotdm.com, con la referencia \u201cProtecci\u00f3n de Datos Personales\u201d, especificando sus datos, acreditando su identidad y los motivos de su solicitud.<\/p>\n\n\n\n<p>De igual forma, los usuarios tienen la posibilidad de acudir a la Autoridad Nacional de Protecci\u00f3n de Datos Personales en caso su solicitud no sea atendida por <strong>GRUPO TDM<\/strong>.<\/p>\n\n\n\n<ol start=\"11\" class=\"wp-block-list\">\n<li><strong>MENORES DE EDAD<\/strong><\/li>\n<\/ol>\n\n\n\n<p><strong>GRUPO TDM<\/strong> entiende la importancia de proteger la privacidad de los ni\u00f1os, especialmente en un entorno online. Por este motivo, el almacenamiento de datos personales de <strong>GRUPO TDM<\/strong> no est\u00e1 dise\u00f1ado ni dirigido a menores de 14 a\u00f1os, salvo en el caso de los hijos menores de edad de los colaboradores.<\/p>\n\n\n\n<p><strong>GRUPO TDM<\/strong> no llevar\u00e1 a cabo voluntariamente el tratamiento de datos personales relativos a menores de edad. Si tomara conocimiento que los datos personales recogidos corresponden a un menor de edad sin autorizaci\u00f3n, se adoptar\u00e1n las medidas oportunas para eliminar estos datos tan pronto como sea posible.<\/p>\n\n\n\n<ol start=\"12\" class=\"wp-block-list\">\n<li><strong>CONSENTIMIENTO<\/strong><\/li>\n<\/ol>\n\n\n\n<p>Al aceptar esta Pol\u00edtica de Privacidad, los Usuarios est\u00e1n de acuerdo con todos los aspectos expuestos en este documento, y nos autorizan a tratar sus datos personales para las finalidades expuestas anteriormente.<\/p>\n\n\n\n<p>Este consentimiento ser\u00e1 libre, expreso, informado y previo a la obtenci\u00f3n de los datos personales.&nbsp;<\/p>\n\n\n\n<ol start=\"13\" class=\"wp-block-list\">\n<li><strong>ROLES Y RESPONSABILIDADES:<\/strong><\/li>\n<\/ol>\n\n\n\n<p><strong>GRUPO TDM <\/strong>ha designado a un oficial de protecci\u00f3n de datos personales. Sus funciones son supervisar el cumplimiento de dicha protecci\u00f3n y asesorar a los usuarios y al personal encargado del manejo de los mismos. Adem\u00e1s, es intermediario entre la organizaci\u00f3n, los usuarios y la Autoridad Nacional de Protecci\u00f3n de Datos Personales.<strong>&nbsp;<\/strong><\/p>\n\n\n\n<p>En tal sentido, se designa al Sr. William Alejandro Idi\u00e1quez Rodriguez, identificado con DNI N\u00b0 41379173 y correo corporativo <a href=\"mailto:widiaquez@grupotdm.com\">widiaquez@grupotdm.com<\/a>.&nbsp;<\/p>\n\n\n\n<ol start=\"14\" class=\"wp-block-list\">\n<li><strong>INCUMPLIMIENTOS Y SANCIONES<\/strong><\/li>\n<\/ol>\n\n\n\n<p>En caso se incumpla lo dispuesto en las presente Pol\u00edtica de Privacidad, <strong>GRUPO TDM<\/strong> se someter\u00e1 a las sanciones establecidas en la Ley de Protecci\u00f3n de Datos Personales y su Reglamento.&nbsp;<\/p>\n\n\n\n<ol start=\"15\" class=\"wp-block-list\">\n<li><strong>INFORMACI\u00d3N DE CONTACTO<\/strong><\/li>\n<\/ol>\n\n\n\n<p>Para realizar cualquier tipo de consulta respecto a esta pol\u00edtica puede dirigirse a la siguiente direcci\u00f3n de correo electr\u00f3nico: protecciondedatos@grupotdm.com<\/p>\n\n\n\n<ol start=\"16\" class=\"wp-block-list\">\n<li>VIGENCIA:<\/li>\n<\/ol>\n\n\n\n<p>La presente Pol\u00edtica tiene vigencia desde el 15 octubre de 2025.<\/p>\n","protected":false},"excerpt":{"rendered":"<p>POL\u00cdTICA SOBRE PROTECCI\u00d3N DE DATOS PERSONALES En GRUPO TDM somos conscientes de la importancia que tiene la privacidad sobre la informaci\u00f3n personal de todos nuestros colaboradores, as\u00ed como de nuestros <a href=\"https:\/\/grupotdm.com\/asfaltos\/politicas-de-privacidad\/\" class=\"more-link\">&#8230;<span class=\"screen-reader-text\">  Pol\u00edticas de privacidad<\/span><\/a><\/p>\n","protected":false},"author":1,"featured_media":0,"parent":0,"menu_order":0,"comment_status":"closed","ping_status":"closed","template":"politicas-de-privacidad.php","meta":{"_acf_changed":false,"footnotes":""},"class_list":["post-1389","page","type-page","status-publish","hentry"],"acf":[],"lang":"es","translations":{"es":1389,"en":2418,"pt":2420},"pll_sync_post":[],"_links":{"self":[{"href":"https:\/\/grupotdm.com\/asfaltos\/wp-json\/wp\/v2\/pages\/1389","targetHints":{"allow":["GET"]}}],"collection":[{"href":"https:\/\/grupotdm.com\/asfaltos\/wp-json\/wp\/v2\/pages"}],"about":[{"href":"https:\/\/grupotdm.com\/asfaltos\/wp-json\/wp\/v2\/types\/page"}],"author":[{"embeddable":true,"href":"https:\/\/grupotdm.com\/asfaltos\/wp-json\/wp\/v2\/users\/1"}],"replies":[{"embeddable":true,"href":"https:\/\/grupotdm.com\/asfaltos\/wp-json\/wp\/v2\/comments?post=1389"}],"version-history":[{"count":2,"href":"https:\/\/grupotdm.com\/asfaltos\/wp-json\/wp\/v2\/pages\/1389\/revisions"}],"predecessor-version":[{"id":2575,"href":"https:\/\/grupotdm.com\/asfaltos\/wp-json\/wp\/v2\/pages\/1389\/revisions\/2575"}],"wp:attachment":[{"href":"https:\/\/grupotdm.com\/asfaltos\/wp-json\/wp\/v2\/media?parent=1389"}],"curies":[{"name":"wp","href":"https:\/\/api.w.org\/{rel}","templated":true}]}}